{"id":153,"date":"2015-08-28T09:00:26","date_gmt":"2015-08-28T09:00:26","guid":{"rendered":"https:\/\/www.forellen-abel.de\/?page_id=153"},"modified":"2020-11-24T10:36:01","modified_gmt":"2020-11-24T10:36:01","slug":"impressum","status":"publish","type":"page","link":"https:\/\/www.forellen-abel.de\/en\/imprint\/","title":{"rendered":"Imprint"},"content":{"rendered":"<p><\/p>\n<h1>Forellen-Abel GmbH<\/h1>\n<p>Welsestra\u00dfe 23<br \/>\n27777 Ganderkesee\/Habbr\u00fcgge<br \/>\nTelefon: +49 (0) 4222 80 56 1-0<\/p>\n<hr \/>\n<h3>Bildnachweise<\/h3>\n<p>Fische 107 &#8211; #41173592 &#8211; \u00a9K.-U. H\u00e4\u00dfler &#8211; <a href=\"http:\/\/de.fotolia.com\/\" target=\"blank\" title=\"fotolia.com\">fotolia.com<\/a><br \/>\n\u6ce2 &#8211; #71020100 &#8211; \u00a9siro46 &#8211; <a href=\"http:\/\/de.fotolia.com\/\" target=\"blank\" title=\"fotolia.com\">fotolia.com<\/a><br \/>\nblue water splash &#8211; #67210159 &#8211; \u00a9kubais &#8211; <a href=\"http:\/\/de.fotolia.com\/\" target=\"blank\" title=\"fotolia.com\">fotolia.com<\/a><\/p>\n<hr \/>\n<h3 class=\"impressum\">Konzept und Realisierung<\/h3>\n<p>Impuls Werbeagentur, Hannover<br \/>\n<a title=\"Impuls Werbeagentur Hannover\" href=\"http:\/\/www.werbeagentur-impuls.de\" target=\"blank\">www.werbeagentur-impuls.de<\/a><\/p>\n<hr \/>\n<h3 class=\"impressum\">Haftungsausschluss<\/h3>\n<p>Der Autor \u00fcbernimmt keinerlei Gew\u00e4hr f\u00fcr die Aktualit\u00e4t, Korrektheit, Vollst\u00e4ndigkeit oder Qualit\u00e4t der bereitgestellten Informationen. Haftungsanspr\u00fcche gegen den Autor, welche sich auf Sch\u00e4den materieller oder ideeller Art beziehen, die durch die Nutzung oder Nichtnutzung der dargebotenen Informationen bzw. durch die Nutzung fehlerhafter und unvollst\u00e4ndiger Informationen verursacht wurden, sind grunds\u00e4tzlich ausgeschlossen, sofern seitens des Autors kein nachweislich vors\u00e4tzliches oder grob fahrl\u00e4ssiges Verschulden vorliegt. Alle Angebote sind freibleibend und unverbindlich. Der Autor beh\u00e4lt es sich ausdr\u00fccklich vor, Teile der Seiten oder das gesamte Angebot ohne gesonderte Ank\u00fcndigung zu ver\u00e4ndern, zu erg\u00e4nzen, zu l\u00f6schen oder die Ver\u00f6ffentlichung zeitweise oder endg\u00fcltig einzustellen.<\/p>\n<hr \/>\n<h3 class=\"impressum\">Hinweis zu externen Links<\/h3>\n<p>Soweit von dieser Website auf andere Websites verlinkt wird, weisen wir darauf hin, dass wir keinerlei Einfluss auf die Gestaltung und die Inhalte der verlinkten Seiten haben und wir uns deren Inhalt nicht zu Eigen machen. Das gilt f\u00fcr alle auf dieser Seite ausgebrachten externen Link. F\u00fcr verlinkte Seiten gilt, dass rechtswidrige Inhalte zum Zeitpunkt der Verlinkung nicht erkennbar waren. Die Links werden regelm\u00e4\u00dfig auf rechtswidrige Inhalte \u00fcberpr\u00fcft und bei Rechtsverletzungen unverz\u00fcglich entfernt. Diese Feststellung gilt f\u00fcr alle innerhalb des eigenen Internetangebotes gesetzten Linksund Verweise sowie f\u00fcr Fremdeintr\u00e4ge in vom Autor eingerichteten G\u00e4steb\u00fcchern, Diskussionsforen und Mailinglisten. F\u00fcr illegale, fehlerhafte oder unvollst\u00e4ndige Inhalte und insbesondere f\u00fcr Sch\u00e4den, die aus der Nutzung oder Nichtnutzung solcherart dargebotener Informationen entstehen, haftet allein der Anbieter der Seite, auf welche verwiesen wurde, nicht derjenige, der \u00fcber Links auf die jeweilige Ver\u00f6ffentlichung lediglich verweist.<\/p>\n<hr \/>\n<h3 class=\"impressum\">Urheberrechte<\/h3>\n<p>Der Autor ist bestrebt, in allen Publikationen die Urheberrechte der verwendeten Grafiken, Tondokumente, Videosequenzen und Texte zu beachten, von ihm selbst erstellte Grafiken, Tondokumente, Videosequenzen und Texte zu nutzen oder auf lizenzfreie Grafiken, Tondokumente, Videosequenzen und Texte zur\u00fcckzugreifen. Alle innerhalb des Internetangebotes genannten und ggf. durch Dritte gesch\u00fctzten Marken- und Warenzeichen unterliegen uneingeschr\u00e4nkt den Bestimmungen des jeweils g\u00fcltigen Kennzeichenrechts und den Besitzrechten der jeweiligen eingetragenen Eigent\u00fcmer.Allein aufgrund der blo\u00dfen Nennung ist nicht der Schlu\u00df zu ziehen, dass Markenzeichen nicht durch Rechte Dritter gesch\u00fctzt sind! Das Copyright f\u00fcr ver\u00f6ffentlichte, vom Autor selbst erstellte Objekte bleibt allein beim Autor der Seiten. Eine Vervielf\u00e4ltigung oder Verwendung solcher Grafiken, Tondokumente, Videosequenzen und Texte in anderen elektronischen oder gedruckten Publikationen ist ohne ausdr\u00fcckliche Zustimmung des Autors nicht gestattet.<\/p>\n<hr \/>\n<h3 class=\"impressum\">Rechtswirksamkeit dieses Haftungsausschlusses<\/h3>\n<p>Dieser Haftungsausschluss ist als Teil des Internetangebotes zu betrachten, von dem aus auf diese Seite verwiesen wurde. Sofern Teile oder einzelne Formulierungen dieses Textes der geltenden Rechtslage nicht, nicht mehr oder nicht vollst\u00e4ndig entsprechen sollten, bleiben die \u00fcbrigen Teile des Dokumentes in ihrem Inhalt und ihrer G\u00fcltigkeit davon unber\u00fchrt.<\/p>\n<hr \/>\n<h3 class=\"impressum\">Google Analytics<\/h3>\n<p>Diese Website benutzt Google Analytics, einen Webanalysedienst der Google Inc. (\u201eGoogle\u201c). Google Analytics verwendet sog. \u201eCookies\u201c, Textdateien, die auf Ihrem Computer gespeichert werden und die eine Analyse der Benutzung der Website durch Sie erm\u00f6glichen. Die durch den Cookie erzeugten Informationen \u00fcber Ihre Benutzung dieser Website werden in der Regel an einen Server von Google in den USA \u00fcbertragen und dort gespeichert. Im Falle der Aktivierung der IP-Anonymisierung auf dieser Webseite, wird Ihre IP-Adresse von Google jedoch innerhalb von Mitgliedstaaten der Europ\u00e4ischen Union oder in anderen Vertragsstaaten des Abkommens \u00fcber den Europ\u00e4ischen Wirtschaftsraum zuvor gek\u00fcrzt. Nur in Ausnahmef\u00e4llen wird die volle IP-Adresse an einen Server von Google in den USA \u00fcbertragen und dort gek\u00fcrzt. Im Auftrag des Betreibers dieser Website wird Google diese Informationen benutzen, um Ihre Nutzung der Website auszuwerten, um Reports \u00fcber die Websiteaktivit\u00e4ten zusammenzustellen und um weitere mit der Websitenutzung und der Internetnutzung verbundene Dienstleistungen gegen\u00fcber dem Websitebetreiber zu erbringen. Die im Rahmen von Google Analytics von Ihrem Browser \u00fcbermittelte IP-Adresse wird nicht mit anderen Daten von Google zusammengef\u00fchrt. Sie k\u00f6nnen die Speicherung der Cookies durch eine entsprechende Einstellung Ihrer Browser-Software verhindern; wir weisen Sie jedoch darauf hin, dass Sie in diesem Fall gegebenenfalls nicht s\u00e4mtliche Funktionen dieser Website vollumf\u00e4nglich werden nutzen k\u00f6nnen. Sie k\u00f6nnen dar\u00fcber hinaus die Erfassung der durch das Cookie erzeugten und auf Ihre Nutzung der Website bezogenen Daten (inkl. Ihrer IP-Adresse) an Google sowie die Verarbeitung dieser Daten durch Google verhindern, indem sie das unter dem folgenden Link (<a href=\"http:\/\/tools.google.com\/dlpage\/gaoptout?hl=de\" target=\"_blank\">http:\/\/tools.google.com\/dlpage\/gaoptout?hl=de<\/a>) verf\u00fcgbare Browser-Plugin herunterladen und installieren.<\/p>\n<p>Sie k\u00f6nnen die Erfassung durch Google Analytics verhindern, indem Sie auf folgenden Link klicken. Es wird ein Opt-Out-Cookie gesetzt, der die zuk\u00fcnftige Erfassung Ihrer Daten beim Besuch dieser Website verhindert: <a title=\"Google Analytics deaktivieren\">Google Analytics deaktivieren<\/a><\/p>\n<p>N\u00e4here Informationen zu Nutzungsbedingungen und Datenschutz finden Sie unter <a href=\"http:\/\/www.google.com\/analytics\/terms\/de.html\" target=\"_blank\">http:\/\/www.google.com\/analytics\/terms\/de.html<\/a> bzw. unter <a href=\"https:\/\/www.google.de\/intl\/de\/policies\/\" target=\"_blank\">https:\/\/www.google.de\/intl\/de\/policies\/<\/a>. Wir weisen Sie darauf hin, dass auf dieser Website Google Analytics um den Code \u201egat._anonymizeIp();\u201c erweitert wurde, um eine anonymisierte Erfassung von IP-Adressen (sog. IP-Masking) zu gew\u00e4hrleisten.<\/p>","protected":false},"excerpt":{"rendered":"<p>Unser Impressum<\/p>\n","protected":false},"author":1,"featured_media":0,"parent":0,"menu_order":995,"comment_status":"closed","ping_status":"closed","template":"","meta":[],"_links":{"self":[{"href":"https:\/\/www.forellen-abel.de\/en\/wp-json\/wp\/v2\/pages\/153"}],"collection":[{"href":"https:\/\/www.forellen-abel.de\/en\/wp-json\/wp\/v2\/pages"}],"about":[{"href":"https:\/\/www.forellen-abel.de\/en\/wp-json\/wp\/v2\/types\/page"}],"author":[{"embeddable":true,"href":"https:\/\/www.forellen-abel.de\/en\/wp-json\/wp\/v2\/users\/1"}],"replies":[{"embeddable":true,"href":"https:\/\/www.forellen-abel.de\/en\/wp-json\/wp\/v2\/comments?post=153"}],"version-history":[{"count":24,"href":"https:\/\/www.forellen-abel.de\/en\/wp-json\/wp\/v2\/pages\/153\/revisions"}],"predecessor-version":[{"id":1070,"href":"https:\/\/www.forellen-abel.de\/en\/wp-json\/wp\/v2\/pages\/153\/revisions\/1070"}],"wp:attachment":[{"href":"https:\/\/www.forellen-abel.de\/en\/wp-json\/wp\/v2\/media?parent=153"}],"curies":[{"name":"wp","href":"https:\/\/api.w.org\/{rel}","templated":true}]}}